{"id":94,"date":"2025-12-05T02:08:29","date_gmt":"2025-12-05T02:08:29","guid":{"rendered":"https:\/\/vietnamecnakost.cz\/?page_id=94"},"modified":"2025-12-05T02:08:29","modified_gmt":"2025-12-05T02:08:29","slug":"dren-komunity","status":"publish","type":"page","link":"https:\/\/drenkomunity.cz\/vi\/dren-komunity\/","title":{"rendered":"T\u1ee7y c\u1ee7a c\u1ed9ng \u0111\u1ed3ng"},"content":{"rendered":"<header class=\"site-header wp-block-template-part\">\n<div class=\"wp-block-group alignfull has-dark-color has-white-background-color has-text-color has-background has-link-color wp-elements-6cca1fe2f984ff273b6e2cf8352d47d7 is-layout-constrained wp-block-group-is-layout-constrained\" style=\"padding-top:var(--wp--preset--spacing--5);padding-bottom:var(--wp--preset--spacing--5)\">\n<div class=\"wp-block-group alignfull has-secondary-color has-text-color has-background has-link-color wp-elements-e71b48f37b608bfcf34c92f9026ea400 is-layout-constrained wp-block-group-is-layout-constrained\" style=\"background-color:#aa0e17;margin-top:0px;padding-top:40px;padding-bottom:40px\">\n<div class=\"wp-block-group alignwide has-medium-font-size is-content-justification-space-between is-layout-flex wp-container-core-group-is-layout-48052d0d wp-block-group-is-layout-flex\" style=\"border-style:none;border-width:0px;border-radius:0px;min-height:0px;margin-top:var(--wp--preset--spacing--20);margin-bottom:var(--wp--preset--spacing--20);padding-right:var(--wp--preset--spacing--40);padding-left:var(--wp--preset--spacing--40)\"><h1 class=\"wp-block-site-title\"><a href=\"https:\/\/drenkomunity.cz\/vi\" target=\"_self\" rel=\"home\">T\u1ee7y c\u1ee7a c\u1ed9ng \u0111\u1ed3ng<\/a><\/h1>\n\n<nav class=\"is-responsive wp-block-navigation is-layout-flex wp-block-navigation-is-layout-flex\" aria-label=\"Z\u00e1pat\u00ed navigace\" \n\t\t data-wp-interactive=\"core\/navigation\" data-wp-context='{\"overlayOpenedBy\":{\"click\":false,\"hover\":false,\"focus\":false},\"type\":\"overlay\",\"roleAttribute\":\"\",\"ariaLabel\":\"Menu\"}'><button aria-haspopup=\"dialog\" aria-label=\"M\u1edf menu\" class=\"wp-block-navigation__responsive-container-open\" \n\t\t\t\tdata-wp-on--click=\"actions.openMenuOnClick\"\n\t\t\t\tdata-wp-on--keydown=\"actions.handleMenuKeydown\"\n\t\t\t><svg width=\"24\" height=\"24\" xmlns=\"http:\/\/www.w3.org\/2000\/svg\" viewbox=\"0 0 24 24\" aria-hidden=\"true\" focusable=\"false\"><path d=\"M4 7.5h16v1.5H4z\"><\/path><path d=\"M4 15h16v1.5H4z\"><\/path><\/svg><\/button>\n\t\t\t\t<div class=\"wp-block-navigation__responsive-container\"  id=\"modal-1\" \n\t\t\t\tdata-wp-class--has-modal-open=\"state.isMenuOpen\"\n\t\t\t\tdata-wp-class--is-menu-open=\"state.isMenuOpen\"\n\t\t\t\tdata-wp-watch=\"callbacks.initMenu\"\n\t\t\t\tdata-wp-on--keydown=\"actions.handleMenuKeydown\"\n\t\t\t\tdata-wp-on--focusout=\"actions.handleMenuFocusout\"\n\t\t\t\ttabindex=\"-1\"\n\t\t\t>\n\t\t\t\t\t<div class=\"wp-block-navigation__responsive-close\" tabindex=\"-1\">\n\t\t\t\t\t\t<div class=\"wp-block-navigation__responsive-dialog\" \n\t\t\t\tdata-wp-bind--aria-modal=\"state.ariaModal\"\n\t\t\t\tdata-wp-bind--aria-label=\"state.ariaLabel\"\n\t\t\t\tdata-wp-bind--role=\"state.roleAttribute\"\n\t\t\t>\n\t\t\t\t\t\t\t<button aria-label=\"\u0110\u00f3ng menu\" class=\"wp-block-navigation__responsive-container-close\" \n\t\t\t\tdata-wp-on--click=\"actions.closeMenuOnClick\"\n\t\t\t><svg xmlns=\"http:\/\/www.w3.org\/2000\/svg\" viewbox=\"0 0 24 24\" width=\"24\" height=\"24\" aria-hidden=\"true\" focusable=\"false\"><path d=\"m13.06 12 6.47-6.47-1.06-1.06L12 10.94 5.53 4.47 4.47 5.53 10.94 12l-6.47 6.47 1.06 1.06L12 13.06l6.47 6.47 1.06-1.06L13.06 12Z\"><\/path><\/svg><\/button>\n\t\t\t\t\t\t\t<div class=\"wp-block-navigation__responsive-container-content\" \n\t\t\t\tdata-wp-watch=\"callbacks.focusFirstElement\"\n\t\t\t id=\"modal-1-content\">\n\t\t\t\t\t\t\t\t<ul class=\"wp-block-navigation__container is-responsive wp-block-navigation\"><li class=\"wp-block-navigation-item wp-block-navigation-link\"><a class=\"wp-block-navigation-item__content\"  href=\"http:\/\/drenkomunity.cz\/vi\/?page_id=96\"><span class=\"wp-block-navigation-item__label\">Th\u00f4ng tin cho ng\u01b0\u1eddi hi\u1ebfn<\/span><span class=\"wp-block-navigation-item__description\">Informace pro budouc\u00ed d\u00e1rce<\/span><\/a><\/li><li class=\"wp-block-navigation-item wp-block-navigation-link\"><a class=\"wp-block-navigation-item__content\"  href=\"https:\/\/drenkomunity.cz\/vi\/nasi-darci\/\"><span class=\"wp-block-navigation-item__label\">Ng\u01b0\u1eddi hi\u1ebfn cho c\u1ed9ng \u0111\u1ed3ng<\/span><\/a><\/li><li class=\"wp-block-navigation-item wp-block-home-link\"><a class=\"wp-block-home-link__content wp-block-navigation-item__content\" href=\"https:\/\/drenkomunity.cz\/vi\" rel=\"home\">Trang ch\u1ee7<\/a><\/li><\/ul>\n\t\t\t\t\t\t\t<\/div>\n\t\t\t\t\t\t<\/div>\n\t\t\t\t\t<\/div>\n\t\t\t\t<\/div><\/nav><\/div>\n<\/div>\n<\/div>\n<\/header>\n\n\n<main class=\"wp-block-group is-layout-constrained wp-block-group-is-layout-constrained\" style=\"margin-top:0\">\n<div class=\"wp-block-group alignfull welcome is-layout-constrained wp-container-core-group-is-layout-e1136a71 wp-block-group-is-layout-constrained\" style=\"margin-top:0px;padding-top:70px;padding-right:30px;padding-bottom:var(--wp--preset--spacing--small);padding-left:30px\">\n<h2 class=\"wp-block-heading has-text-align-center has-max-60-font-size\" style=\"margin-bottom:0px;letter-spacing:-1px\">T\u00f4i mu\u1ed1n tham gia<\/h2>\n\n\n\n<div style=\"height:57px\" aria-hidden=\"true\" class=\"wp-block-spacer\"><\/div>\n\n\n\n<p class=\"has-text-align-center has-monospace-font-family has-x-small-font-size\"><strong>Tu\u1ef7 c\u1ee7a c\u1ed9ng \u0111\u1ed3ng l\u00e0 d\u1ef1 \u00e1n t\u00ecnh nguy\u1ec7n v\u00e0 phi l\u1ee3i nhu\u1eadn \u0111\u01b0\u1ee3c th\u00e0nh l\u1eadp b\u1edfi m\u1ed9t nh\u00f3m ng\u01b0\u1eddi tr\u1ebb S\u00e9c \u2013 Vi\u1ec7t mong mu\u1ed1n lan t\u1ecfa \u0111i\u1ec1u t\u1ed1t \u0111\u1eb9p trong c\u1ed9ng \u0111\u1ed3ng. D\u1ef1 \u00e1n do t\u1ed5 ch\u1ee9c Medviet v\u00e0 Viet Up \u0111i\u1ec1u h\u00e0nh, ph\u1ed1i h\u1ee3p v\u1edbi  Danh s\u00e1ch ng\u01b0\u1eddi hi\u1ebfn t\u1ebf b\u00e0o g\u1ed1c t\u1ea1o m\u00e1u CH S\u00e9c (Danh s\u00e1ch) <a href=\"https:\/\/www.instagram.com\/medviet_cz\/\">Medviet<\/a> v\u00e0 <a href=\"https:\/\/www.instagram.com\/vietupcz\/\">Viet Up<\/a> c\u00f9ng <a href=\"https:\/\/www.instagram.com\/darujzivot\/\">Danh s\u00e1ch ng\u01b0\u1eddi hi\u1ebfn t\u1ebf b\u00e0o g\u1ed1c t\u1ea1o m\u00e1u CH S\u00e9c (Danh s\u00e1ch)<\/a>.&nbsp;<\/strong><\/p>\n\n\n\n<div class=\"wp-block-buttons is-content-justification-center is-layout-flex wp-container-core-buttons-is-layout-72315a37 wp-block-buttons-is-layout-flex\" style=\"margin-top:30px\"><\/div>\n<\/div>\n\n\n\n<div class=\"wp-block-cover alignfull is-light\" style=\"min-height:164px;aspect-ratio:unset;\"><span aria-hidden=\"true\" class=\"wp-block-cover__background has-background-background-color has-background-dim-0 has-background-dim\"><\/span><div class=\"wp-block-cover__inner-container is-layout-flow wp-block-cover-is-layout-flow\">\n<div style=\"height:0px\" aria-hidden=\"true\" class=\"wp-block-spacer\"><\/div>\n\n\n\n<div class=\"wp-block-group is-layout-constrained wp-container-core-group-is-layout-da7f0b59 wp-block-group-is-layout-constrained\">\n<div class=\"wp-block-columns is-layout-flex wp-container-core-columns-is-layout-28f84493 wp-block-columns-is-layout-flex\">\n<div class=\"wp-block-column is-vertically-aligned-center is-layout-flow wp-block-column-is-layout-flow\">\n<h2 class=\"wp-block-heading has-text-align-center\">L\u00e0m sao \u0111\u1ec3 tr\u1edf th\u00e0nh ng\u01b0\u1eddi hi\u1ebfn t\u1ee7y? <\/h2>\n<\/div>\n<\/div>\n<\/div>\n\n\n\n<div style=\"height:0px\" aria-hidden=\"true\" class=\"wp-block-spacer\"><\/div>\n\n\n\n<p class=\"has-text-align-center has-monospace-font-family\">To\u00e0n b\u1ed9 quy tr\u00ecnh \u0111\u1ec1u \u0111\u01b0\u1ee3c thi\u1ebft k\u1ebf \u0111\u1ec3 \u0111\u1ea3m b\u1ea3o an to\u00e0n v\u00e0 s\u1ee9c kh\u1ecfe c\u1ee7a b\u1ea1n l\u00e0 \u01b0u ti\u00ean h\u00e0ng \u0111\u1ea7u.<\/p>\n\n\n\n<div class=\"wp-block-buttons is-layout-flex wp-block-buttons-is-layout-flex\">\n<div class=\"wp-block-button has-custom-width wp-block-button__width-50 has-custom-font-size is-style-fill has-large-font-size\"><a class=\"wp-block-button__link wp-element-button\" href=\"http:\/\/vietnamecnakost.cz\/?page_id=70\" style=\"border-width:4px;border-radius:37px;padding-top:var(--wp--preset--spacing--small);padding-right:var(--wp--preset--spacing--x-small);padding-bottom:var(--wp--preset--spacing--small);padding-left:var(--wp--preset--spacing--x-small)\" rel=\"1. krok\">B\u01b0\u1edbc 1 <br>H\u00e3y t\u00ecm hi\u1ec3u k\u1ef9 <mark style=\"background-color:rgba(0, 0, 0, 0)\" class=\"has-inline-color has-secondary-color\">th\u00f4ng tin c\u01a1 b\u1ea3n<\/mark>* a ujisti se, \u017ee chce\u0161 pomoct.<\/a><\/div>\n\n\n\n<div class=\"wp-block-button has-custom-width wp-block-button__width-50 has-custom-font-size is-style-fill has-large-font-size\"><a class=\"wp-block-button__link wp-element-button\" href=\"https:\/\/www.darujzivot.cz\/pro-darce\/naborova-centra\" style=\"border-style:none;border-width:0px;border-radius:37px;padding-top:var(--wp--preset--spacing--small);padding-right:var(--wp--preset--spacing--medium);padding-bottom:var(--wp--preset--spacing--small);padding-left:var(--wp--preset--spacing--medium)\">B\u01b0\u1edbc 2<br>\u0110\u1eb7t l\u1ecbch \u0111\u0103ng k\u00fd t\u1ea1i m\u1ed9t trong c\u00e1c trung t\u00e2m ti\u1ebfp nh\u1eadn ng\u01b0\u1eddi hi\u1ebfn <mark style=\"background-color:rgba(0, 0, 0, 0)\" class=\"has-inline-color has-secondary-color\">...<\/mark>*.<\/a><\/div>\n\n\n\n<div class=\"wp-block-button has-custom-width wp-block-button__width-50 has-custom-font-size is-style-fill has-large-font-size\"><a class=\"wp-block-button__link wp-element-button\" href=\"https:\/\/www.darujzivot.cz\/uploads\/media\/files\/CCREG%20F002a%20v05.docx\" style=\"border-style:none;border-width:0px;border-radius:37px;padding-top:var(--wp--preset--spacing--small);padding-right:var(--wp--preset--spacing--medium);padding-bottom:var(--wp--preset--spacing--small);padding-left:var(--wp--preset--spacing--medium)\">B\u01b0\u1edbc 3<br>Nebo se zaregistruj z domova \u2013 vypl\u0148 <strong><mark style=\"background-color:rgba(0, 0, 0, 0)\" class=\"has-inline-color has-secondary-color\">dotazn\u00edk<\/mark><\/strong>* a po\u0161li ho na darci@ikem.cz. Pracovn\u00edk registru t\u011b bude kontaktovat a domluv\u00ed s tebou dal\u0161\u00ed kroky.<\/a><\/div>\n\n\n\n<div class=\"wp-block-button has-custom-width wp-block-button__width-50 has-custom-font-size is-style-fill has-large-font-size\"><a class=\"wp-block-button__link wp-element-button\" style=\"border-style:none;border-width:0px;border-radius:37px;padding-top:var(--wp--preset--spacing--large);padding-right:var(--wp--preset--spacing--medium);padding-bottom:var(--wp--preset--spacing--large);padding-left:var(--wp--preset--spacing--medium)\">4. krok <br>Pokud se najde pacient, jeho\u017e bu\u0148ky se podobaj\u00ed t\u011bm tv\u00fdm, kontaktuje t\u011b t\u00fdm registru.<\/a><\/div>\n<\/div>\n\n\n\n<p><\/p>\n\n\n\n<div class=\"wp-block-columns is-layout-flex wp-container-core-columns-is-layout-28f84493 wp-block-columns-is-layout-flex\">\n<div class=\"wp-block-column has-max-36-font-size is-layout-flow wp-block-column-is-layout-flow\">\n<p class=\"has-text-align-center has-monospace-font-family\">Ng\u01b0\u1eddi \u0111\u0103ng k\u00fd hi\u1ebfn t\u1ee7y t\u1ea1i CH S\u00e9c<\/p>\n\n\n\n<div class=\"wp-block-boldblocks-counting-number has-text-align-center\"><span class=\"value\" data-value=\"50726\" data-start-val=\"0\" data-duration=\"5\" data-separator=\" \" data-decimal=\".\" data-enable-scroll-spy=\"true\" data-scroll-spy-once=\"true\" data-scroll-spy-delay=\"1\" data-prefix=\"\" data-suffix=\"\" aria-hidden=\"true\"><\/span><span class=\"sr-value\">50726<\/span><\/div>\n<\/div>\n\n\n\n<div class=\"wp-block-column has-max-36-font-size is-layout-flow wp-block-column-is-layout-flow\">\n<p class=\"has-text-align-center has-monospace-font-family\">Ng\u01b0\u1eddi \u0111\u0103ng k\u00fd hi\u1ebfn t\u1ee7y c\u1ea3 th\u1ebf gi\u1edbi<\/p>\n\n\n\n<div class=\"wp-block-boldblocks-counting-number has-text-align-center has-max-36-font-size\"><span class=\"value\" data-value=\"44245835\" data-start-val=\"0\" data-duration=\"2\" data-separator=\" \" data-decimal=\".\" data-enable-scroll-spy=\"true\" data-scroll-spy-once=\"true\" data-scroll-spy-delay=\"0\" data-prefix=\"\" data-suffix=\"\" aria-hidden=\"true\"><\/span><span class=\"sr-value\">44245835<\/span><\/div>\n<\/div>\n<\/div>\n<\/div><\/div>\n\n\n\n<div class=\"wp-block-group alignfull is-layout-constrained wp-container-core-group-is-layout-72777927 wp-block-group-is-layout-constrained\" id=\"features\" style=\"margin-top:0;padding-top:var(--wp--preset--spacing--x-small);padding-right:30px;padding-bottom:var(--wp--preset--spacing--x-small);padding-left:30px\">\n<div style=\"height:42px\" aria-hidden=\"true\" class=\"wp-block-spacer\"><\/div>\n\n\n\n<div class=\"wp-block-group alignfull has-background-color has-base-color has-primary-background-color has-text-color has-background has-link-color has-small-font-size wp-elements-5ff47924a0af2f6224f723e99f34acc5 is-layout-constrained wp-block-group-is-layout-constrained\" style=\"margin-top:0px;padding-top:var(--wp--preset--spacing--x-large);padding-bottom:var(--wp--preset--spacing--x-large)\">\n<p class=\"has-text-align-right has-base-color has-text-color has-link-color has-max-36-font-size wp-elements-d29fcab64b44ceb878e661d3246e18e6\" style=\"margin-top:0;margin-right:var(--wp--preset--spacing--x-large);margin-bottom:0;margin-left:var(--wp--preset--spacing--x-large);padding-top:0;padding-right:var(--wp--preset--spacing--x-large);padding-bottom:0;padding-left:var(--wp--preset--spacing--x-large)\">Kontakty<\/p>\n\n\n\n<div class=\"wp-block-columns alignwide has-link-color is-layout-flex wp-container-core-columns-is-layout-28f84493 wp-block-columns-is-layout-flex\">\n<div class=\"wp-block-column is-layout-flow wp-block-column-is-layout-flow\" style=\"flex-basis:40%\">\n<h3 class=\"wp-block-heading has-x-large-font-size\" id=\"our-company\"><strong>V\u1ec1 d\u1ef1 \u00e1n<\/strong><\/h3>\n\n\n\n<p>Tu\u1ef7 c\u1ee7a c\u1ed9ng \u0111\u1ed3ng l\u00e0 d\u1ef1 \u00e1n t\u00ecnh nguy\u1ec7n v\u00e0 phi l\u1ee3i nhu\u1eadn \u0111\u01b0\u1ee3c th\u00e0nh l\u1eadp b\u1edfi m\u1ed9t nh\u00f3m ng\u01b0\u1eddi tr\u1ebb S\u00e9c \u2013 Vi\u1ec7t mong mu\u1ed1n lan t\u1ecfa \u0111i\u1ec1u t\u1ed1t \u0111\u1eb9p trong c\u1ed9ng \u0111\u1ed3ng. D\u1ef1 \u00e1n do t\u1ed5 ch\u1ee9c Medviet v\u00e0 Viet Up \u0111i\u1ec1u h\u00e0nh, ph\u1ed1i h\u1ee3p v\u1edbi  Danh s\u00e1ch ng\u01b0\u1eddi hi\u1ebfn t\u1ebf b\u00e0o g\u1ed1c t\u1ea1o m\u00e1u CH S\u00e9c (Danh s\u00e1ch) <a href=\"https:\/\/www.instagram.com\/medviet_cz\/\">Medviet<\/a> v\u00e0 <a href=\"https:\/\/www.instagram.com\/vietupcz\/\">Viet Up<\/a> c\u00f9ng <a href=\"https:\/\/www.instagram.com\/darujzivot\/\">Danh s\u00e1ch ng\u01b0\u1eddi hi\u1ebfn t\u1ebf b\u00e0o g\u1ed1c t\u1ea1o m\u00e1u CH S\u00e9c (Danh s\u00e1ch)<\/a>.&nbsp;<br><\/p>\n\n\n\n<p>M\u1ee5c ti\u00eau c\u1ee7a d\u1ef1 \u00e1n l\u00e0 n\u00e2ng cao nh\u1eadn th\u1ee9c v\u1ec1 nhu c\u1ea7u ng\u01b0\u1eddi hi\u1ebfn t\u1ebf b\u00e0o g\u1ed1c t\u1ea1o m\u00e1u g\u1ed1c \u00c1, \u0111\u1eb7c bi\u1ec7t l\u00e0 ng\u01b0\u1eddi Vi\u1ec7t, v\u00e0 k\u00eau g\u1ecdi th\u1ebf h\u1ec7 tr\u1ebb Vi\u1ec7t t\u1ea1i CH S\u00e9c tham gia \u0111\u0103ng k\u00fd.<\/p>\n\n\n\n<div class=\"wp-block-buttons is-layout-flex wp-block-buttons-is-layout-flex\"><\/div>\n<\/div>\n\n\n\n<div class=\"wp-block-column is-layout-flow wp-block-column-is-layout-flow\" style=\"font-size:12px;flex-basis:20%\">\n<h4 class=\"wp-block-heading has-text-align-center has-medium-font-size\" id=\"about-us\">Medviet, z. s.<\/h4>\n\n\n\n<ul class=\"has-small-font-size wp-block-list\">\n<li class=\"has-small-font-size\">medviet.cz@gmail.com<\/li>\n\n\n\n<li class=\"has-small-font-size\">Facebook<\/li>\n\n\n\n<li class=\"has-small-font-size\">Instagram<\/li>\n<\/ul>\n<\/div>\n\n\n\n<div class=\"wp-block-column is-layout-flow wp-block-column-is-layout-flow\" style=\"flex-basis:15%\">\n<h4 class=\"wp-block-heading has-text-align-center has-medium-font-size\" id=\"services\">Viet Up, z. s.<\/h4>\n\n\n\n<ul class=\"wp-block-list\">\n<li class=\"has-x-small-font-size\">info@vietup.cz<\/li>\n\n\n\n<li class=\"has-x-small-font-size\"><a href=\"#\">www.vietup.cz<\/a><\/li>\n\n\n\n<li class=\"has-x-small-font-size\">Facebook<\/li>\n\n\n\n<li class=\"has-x-small-font-size\">Instagram<\/li>\n<\/ul>\n<\/div>\n\n\n\n<div class=\"wp-block-column is-layout-flow wp-block-column-is-layout-flow\" style=\"flex-basis:15%\">\n<p class=\"has-text-align-center has-monospace-font-family has-x-small-font-size\">Institut klinick\u00e9 a experiment\u00e1ln\u00ed medic\u00edny<\/p>\n\n\n\n<h4 class=\"wp-block-heading has-text-align-center has-medium-font-size\" id=\"connect\">\u010cesk\u00fd registr d\u00e1rc\u016f kvetvorn\u00fdch bun\u011bk<\/h4>\n\n\n\n<ul class=\"has-x-small-font-size wp-block-list\">\n<li class=\"has-x-small-font-size\">budova G, 2. nadzemn\u00ed podla\u017e\u00ed<\/li>\n\n\n\n<li class=\"has-x-small-font-size\">V\u00edde\u0148sk\u00e1 1958\/9, 140 21 Praha <\/li>\n\n\n\n<li class=\"has-x-small-font-size\">+420 23605 5582<\/li>\n\n\n\n<li class=\"has-x-small-font-size\">darci@ikem.cz<\/li>\n\n\n\n<li class=\"has-x-small-font-size\"><a href=\"#\">www.darujzivot.cz<\/a><\/li>\n\n\n\n<li class=\"has-x-small-font-size\">Facebook<\/li>\n\n\n\n<li class=\"has-x-small-font-size\">Instagram<\/li>\n<\/ul>\n<\/div>\n<\/div>\n<\/div>\n<\/div>\n<\/main>\n\n\n<footer class=\"site-footer wp-block-template-part\">\n<div class=\"wp-block-group alignfull has-white-color has-primary-background-color has-text-color has-background has-link-color wp-elements-2d164ebc688064842de8256f27db4ee9 is-layout-constrained wp-block-group-is-layout-constrained\" style=\"padding-top:var(--wp--preset--spacing--50);padding-bottom:var(--wp--preset--spacing--50)\">\n<div class=\"wp-block-group alignwide is-content-justification-center is-layout-flex wp-container-core-group-is-layout-81a7f686 wp-block-group-is-layout-flex\">\n<p class=\"has-secondary-color has-text-color has-link-color wp-elements-cbdde4424a339cc05601dbfd054a23fd\"><strong>\u00a9 2025 T\u1ee7y c\u1ee7a c\u1ed9ng \u0111\u1ed3ng |&nbsp;<a href=\"https:\/\/www.facebook.com\/medviet.cz\/\">Medviet<\/a>. B\u1ea3o l\u01b0u m\u1ecdi quy\u1ec1n<\/strong>.<\/p>\n<\/div>\n<\/div>\n<\/footer>","protected":false},"excerpt":{"rendered":"<p>Chci se st\u00e1t d\u00e1rcem #D\u0159e\u0148Komunity je dobrovoln\u00fd, neziskov\u00fd projekt skupiny mlad\u00fdch lid\u00ed \u010desko-vietnamsk\u00e9ho p\u016fvodu, zalo\u017een\u00fd na podporu dobr\u00e9 v\u011bci. Projekt vznikl ve spolupr\u00e1ci organizac\u00ed Medviet a Viet Up s \u010cesk\u00fdm registrem d\u00e1rc\u016f krvetvorn\u00fdch bun\u011bk.&nbsp; Kontakty O projektu #D\u0159e\u0148Komunity je dobrovoln\u00fd, neziskov\u00fd projekt skupiny mlad\u00fdch lid\u00ed \u010desko-vietnamsk\u00e9ho p\u016fvodu, zalo\u017een\u00fd na podporu dobr\u00e9 v\u011bci. Projekt vznikl ve [&hellip;]<\/p>\n","protected":false},"author":1,"featured_media":0,"parent":0,"menu_order":0,"comment_status":"closed","ping_status":"closed","template":"","meta":{"footnotes":""},"class_list":["post-94","page","type-page","status-publish","hentry"],"_links":{"self":[{"href":"https:\/\/drenkomunity.cz\/vi\/wp-json\/wp\/v2\/pages\/94","targetHints":{"allow":["GET"]}}],"collection":[{"href":"https:\/\/drenkomunity.cz\/vi\/wp-json\/wp\/v2\/pages"}],"about":[{"href":"https:\/\/drenkomunity.cz\/vi\/wp-json\/wp\/v2\/types\/page"}],"author":[{"embeddable":true,"href":"https:\/\/drenkomunity.cz\/vi\/wp-json\/wp\/v2\/users\/1"}],"replies":[{"embeddable":true,"href":"https:\/\/drenkomunity.cz\/vi\/wp-json\/wp\/v2\/comments?post=94"}],"version-history":[{"count":1,"href":"https:\/\/drenkomunity.cz\/vi\/wp-json\/wp\/v2\/pages\/94\/revisions"}],"predecessor-version":[{"id":95,"href":"https:\/\/drenkomunity.cz\/vi\/wp-json\/wp\/v2\/pages\/94\/revisions\/95"}],"wp:attachment":[{"href":"https:\/\/drenkomunity.cz\/vi\/wp-json\/wp\/v2\/media?parent=94"}],"curies":[{"name":"wp","href":"https:\/\/api.w.org\/{rel}","templated":true}]}}